{"id":8,"date":"2020-04-21T17:02:28","date_gmt":"2020-04-21T15:02:28","guid":{"rendered":"http:\/\/diligenticomitatu.cz\/?page_id=8"},"modified":"2020-04-21T17:02:28","modified_gmt":"2020-04-21T15:02:28","slug":"kontakt","status":"publish","type":"page","link":"https:\/\/diligenticomitatu.cz\/","title":{"rendered":"Kontakt"},"content":{"rendered":"\n<p><strong>Diligenti Comitatu SE<\/strong><\/p>\n\n\n\n<p><strong>I\u010c: 293 90 770<\/strong><\/p>\n\n\n\n<p>v H\u00e1j\u00edch 289\/57, H\u00e1je, 149 00 Praha 4<\/p>\n\n\n\n<p>zapsan\u00e9 v obchodn\u00edm rejst\u0159\u00edku Krajsk\u00e9ho soudu v Ostrav\u011b sp. zn. H 25<\/p>\n","protected":false},"excerpt":{"rendered":"<p>Diligenti Comitatu SE I\u010c: 293 90 770 v H\u00e1j\u00edch 289\/57, H\u00e1je, 149 00 Praha 4 zapsan\u00e9 v obchodn\u00edm rejst\u0159\u00edku Krajsk\u00e9ho soudu v Ostrav\u011b sp. zn. H 25<\/p>\n","protected":false},"author":1,"featured_media":0,"parent":0,"menu_order":0,"comment_status":"closed","ping_status":"closed","template":"","meta":{"footnotes":""},"class_list":["post-8","page","type-page","status-publish","hentry"],"_links":{"self":[{"href":"https:\/\/diligenticomitatu.cz\/index.php\/wp-json\/wp\/v2\/pages\/8","targetHints":{"allow":["GET"]}}],"collection":[{"href":"https:\/\/diligenticomitatu.cz\/index.php\/wp-json\/wp\/v2\/pages"}],"about":[{"href":"https:\/\/diligenticomitatu.cz\/index.php\/wp-json\/wp\/v2\/types\/page"}],"author":[{"embeddable":true,"href":"https:\/\/diligenticomitatu.cz\/index.php\/wp-json\/wp\/v2\/users\/1"}],"replies":[{"embeddable":true,"href":"https:\/\/diligenticomitatu.cz\/index.php\/wp-json\/wp\/v2\/comments?post=8"}],"version-history":[{"count":1,"href":"https:\/\/diligenticomitatu.cz\/index.php\/wp-json\/wp\/v2\/pages\/8\/revisions"}],"predecessor-version":[{"id":9,"href":"https:\/\/diligenticomitatu.cz\/index.php\/wp-json\/wp\/v2\/pages\/8\/revisions\/9"}],"wp:attachment":[{"href":"https:\/\/diligenticomitatu.cz\/index.php\/wp-json\/wp\/v2\/media?parent=8"}],"curies":[{"name":"wp","href":"https:\/\/api.w.org\/{rel}","templated":true}]}}