{"id":10,"date":"2020-04-21T17:03:04","date_gmt":"2020-04-21T15:03:04","guid":{"rendered":"http:\/\/diligenticomitatu.cz\/?page_id=10"},"modified":"2020-04-21T17:03:04","modified_gmt":"2020-04-21T15:03:04","slug":"akcionari","status":"publish","type":"page","link":"https:\/\/diligenticomitatu.cz\/index.php\/akcionari\/","title":{"rendered":"Akcion\u00e1\u0159i"},"content":{"rendered":"\n<p><strong>Pozv\u00e1nka na \u0159\u00e1dnou valnou hromadu<\/strong><\/p>\n\n\n\n<p>P\u0159edstavenstvo obchodn\u00ed spole\u010dnosti<\/p>\n\n\n\n<p><strong>Diligenti Comitatu SE I\u010c: 293 90 770<\/strong><\/p>\n\n\n\n<p>se s\u00eddlem v H\u00e1j\u00edch 289\/57, H\u00e1je, 149 00 Praha 4<\/p>\n\n\n\n<p>zapsan\u00e9 v obchodn\u00edm rejst\u0159\u00edku Krajsk\u00e9ho soudu v Ostrav\u011b sp. zn. H 25<\/p>\n\n\n\n<p><strong>svol\u00e1v\u00e1 \u0159\u00e1dnou valnou hromadu<\/strong><\/p>\n\n\n\n<p><strong>na den 24. 6. 2014 od 9 hodin v s\u00eddle not\u00e1\u0159sk\u00e9 kancel\u00e1\u0159i JUDr. Bohumily Ra\u010dokov\u00e9, not\u00e1\u0159ky,<\/strong><\/p>\n\n\n\n<p><strong>ulice T. G. Masaryka 108, 272 01 Kladno<\/strong><\/p>\n\n\n\n<p>Po\u0159ad jedn\u00e1n\u00ed<\/p>\n\n\n\n<ol class=\"wp-block-list\"><li>Zah\u00e1jen\u00ed, volba org\u00e1n\u016f valn\u00e9 hromady a schv\u00e1len\u00ed po\u0159adu jedn\u00e1n\u00ed<\/li><li>Rozhodnut\u00ed o schv\u00e1len\u00ed \u0159\u00e1dn\u00e9 \u00fa\u010detn\u00ed z\u00e1v\u011brky za rok 2013<\/li><li>Rozhodnut\u00ed o schv\u00e1len\u00ed zpr\u00e1vy p\u0159edstavenstva o podnikatelsk\u00e9 \u010dinnosti za rok 2013 a o stavu jej\u00edho majetku a zpr\u00e1vy o vztaz\u00edch<\/li><li>Rozhodnut\u00ed o schv\u00e1len\u00ed zpr\u00e1vy dozor\u010d\u00ed rady o p\u0159ezkoum\u00e1n\u00ed \u0159\u00e1dn\u00e9 \u00fa\u010detn\u00ed z\u00e1v\u011brky a k n\u00e1vrhu na rozd\u011blen\u00ed zisku\/na \u00fahradu ztr\u00e1ty<\/li><li>Rozhodnut\u00ed o rozd\u011blen\u00ed zisku nebo o \u00fahrad\u011b ztr\u00e1ty za hospod\u00e1\u0159sk\u00fd rok 2013<\/li><li>Rozhodnut\u00ed o schv\u00e1len\u00ed auditora Ing. Miroslava Ba\u010d\u00edka, \u010d\u00edslo osv\u011bd\u010den\u00ed: 1199, pro ov\u011b\u0159en\u00ed \u00fa\u010detn\u00ed z\u00e1v\u011brky za rok 2014<\/li><li>Rozhodnut\u00ed o pod\u0159\u00edzen\u00ed Spole\u010dnosti z\u00e1konu o obchodn\u00edch korporac\u00edch<\/li><li>Rozhodnut\u00ed o zm\u011bn\u011b stanov \u2013 p\u0159ijet\u00ed \u00fapln\u00e9ho zn\u011bn\u00ed stanov Spole\u010dnosti<\/li><li>Rozhodnut\u00ed o odvol\u00e1n\u00ed \u010dlena p\u0159edstavenstva Milo\u0161e Vostrovsk\u00e9ho, nar. 9. 12. 1955, bydli\u0161t\u011b: Kundratka 1911\/4, Libe\u0148<\/li><li>Rozhodnut\u00ed o jmenov\u00e1n\u00ed \u010dlena p\u0159edstavenstva Ing. Miroslava Dvo\u0159\u00e1ka, nar. 8. 1. 1961, Neratovice, ulice 28. \u0159\u00edjna 909<\/li><li>Rozhodnut\u00ed o odvol\u00e1n\u00ed \u010dlena dozor\u010d\u00ed rady Lu\u010fka Pirun\u010d\u00edka, nar. 19. 3. 1965, bydli\u0161t\u011b: T. G. Masaryka 526, 277 13 Kostelec nad Labem<\/li><li>Rozhodnut\u00ed o jmenov\u00e1n\u00ed \u010dlena dozor\u010d\u00ed rady Ing. Miloslava Studenovsk\u00e9ho, nar. 20. 8. 1954, bydli\u0161t\u011b: Brand\u00fds nad Labem, Na Pansk\u00e9m 1520<\/li><li>Rozhodnut\u00ed o schv\u00e1len\u00ed finan\u010dn\u00edch a v\u011bcn\u00fdch pln\u011bn\u00ed poskytovan\u00fdch \u010dlen\u016fm org\u00e1n\u016f do 30. 6. 2014<\/li><li>Z\u00e1v\u011br<\/li><\/ol>\n\n\n\n<p>N\u00e1vrhy usnesen\u00ed k jednotliv\u00fdm bod\u016fm po\u0159adu jedn\u00e1n\u00ed valn\u00e9 hromady a jejich zd\u016fvodn\u011bn\u00ed jsou uvedeny n\u00ed\u017ee.<\/p>\n\n\n\n<p>Registrace bude prob\u00edhat od 8:30 hodin v m\u00edst\u011b kon\u00e1n\u00ed valn\u00e9 hromady do listiny p\u0159\u00edtomn\u00fdch.<\/p>\n\n\n\n<p>Akcion\u00e1\u0159i se prokazuj\u00ed platn\u00fdm pr\u016fkazem toto\u017enosti a p\u0159edlo\u017een\u00edm listinn\u00fdch akci\u00ed, akcion\u00e1\u0159i \u2013 pr\u00e1vnick\u00e9 osoby rovn\u011b\u017e p\u0159edlo\u017e\u00ed origin\u00e1l nebo ov\u011b\u0159enou kopii v\u00fdpisu z obchodn\u00edho rejst\u0159\u00edku ne star\u0161\u00ed 3 m\u011bs\u00edc\u016f. Z\u00e1stupci akcion\u00e1\u0159\u016f p\u0159edlo\u017e\u00ed d\u00e1le p\u00edsemnou plnou moc, kter\u00e1 obsahuje rozsah z\u00e1stupcova zmocn\u011bn\u00ed, \u010d\u00edsla listinn\u00fdch akci\u00ed a \u00fa\u0159edn\u011b ov\u011b\u0159en\u00fd podpis akcion\u00e1\u0159e, z\u00e1stupce akcion\u00e1\u0159e \u2013 pr\u00e1vnick\u00e9 osoby rovn\u011b\u017e p\u0159edlo\u017e\u00ed origin\u00e1l nebo ov\u011b\u0159enou kopii v\u00fdpisu z obchodn\u00edho rejst\u0159\u00edku ne star\u0161\u00ed 3 m\u011bs\u00edc\u016f.<\/p>\n\n\n\n<p>Z pln\u00e9 moci pro zastupov\u00e1n\u00ed akcion\u00e1\u0159e mus\u00ed d\u00e1le vypl\u00fdvat, \u017ee byla ud\u011blena zmocn\u011bn\u00ed pro zastoupen\u00ed na jedn\u00e9 nebo na v\u00edce valn\u00fdch hromad\u00e1ch Spole\u010dnosti.<\/p>\n\n\n\n<p>N\u00e1vrhy listin, jejich\u017e schv\u00e1len\u00ed se p\u0159edkl\u00e1d\u00e1 akcion\u00e1\u0159\u016fm ke schv\u00e1len\u00ed, jsou zas\u00edl\u00e1ny akcion\u00e1\u0159\u016fm spolu s touto pozv\u00e1nkou na adresu uvedenou v seznamu akcion\u00e1\u0159\u016f a jsou zdarma k nahl\u00e9dnut\u00ed v s\u00eddle Spole\u010dnosti v pracovn\u00edch dnech od 9:00 hod do 15 hod, a to ode dne uve\u0159ejn\u011bn\u00ed t\u00e9to pozv\u00e1nky do dne p\u0159edch\u00e1zej\u00edc\u00edho kon\u00e1n\u00ed valn\u00e9 hromady. Akcion\u00e1\u0159 m\u00e1 pr\u00e1vo si vy\u017e\u00e1dat kopie n\u00e1vrh\u016f listin na sv\u016fj n\u00e1klad a sv\u00e9 nebezpe\u010d\u00ed.<\/p>\n\n\n\n<p>Na internetov\u00e9 str\u00e1nce spole\u010dnosti http:\/\/www.diligenticomitatu.czje uve\u0159ejn\u011bna tato pozv\u00e1nka.<\/p>\n\n\n\n<hr class=\"wp-block-separator\"\/>\n\n\n\n<p><strong>N\u00e1vrhy usnesen\u00ed valn\u00e9 hromady a jejich zd\u016fvodn\u011bn\u00ed<\/strong><\/p>\n\n\n\n<p><strong>Navrhovan\u00e9 usnesen\u00ed valn\u00e9 hromady k bodu 2 po\u0159adu jedn\u00e1n\u00ed valn\u00e9 hromady<\/strong><\/p>\n\n\n\n<p>Valn\u00e1 hromada schvaluje \u0159\u00e1dnou \u00fa\u010detn\u00ed z\u00e1v\u011brku za rok 2013.<\/p>\n\n\n\n<p>Zd\u016fvodn\u011bn\u00ed:&nbsp;Spln\u011bn\u00ed z\u00e1konn\u00e9 povinnosti<\/p>\n\n\n\n<p><strong>Navrhovan\u00e9 usnesen\u00ed valn\u00e9 hromady k bodu 3 po\u0159adu jedn\u00e1n\u00ed valn\u00e9 hromady<\/strong><\/p>\n\n\n\n<p>Valn\u00e1 hromada schvaluje zpr\u00e1vu o podnikatelsk\u00e9 \u010dinnosti spole\u010dnosti a o stavu jej\u00edho majetku za rok 2013 a zpr\u00e1vu o vztaz\u00edch za rok 2013.<\/p>\n\n\n\n<p>Zd\u016fvodn\u011bn\u00ed:&nbsp;Spln\u011bn\u00ed z\u00e1konn\u00e9 povinnosti<\/p>\n\n\n\n<p><strong>Navrhovan\u00e9 usnesen\u00ed valn\u00e9 hromady k bodu 4 po\u0159adu jedn\u00e1n\u00ed valn\u00e9 hromady<\/strong><\/p>\n\n\n\n<p>Valn\u00e1 hromada schvaluje zpr\u00e1vu dozor\u010d\u00ed rady o p\u0159ezkoum\u00e1n\u00ed \u0159\u00e1dn\u00e9 \u00fa\u010detn\u00ed z\u00e1v\u011brky a k n\u00e1vrhu na rozd\u011blen\u00ed zisku<\/p>\n\n\n\n<p>Zd\u016fvodn\u011bn\u00ed:&nbsp;Spln\u011bn\u00ed z\u00e1konn\u00e9 povinnosti<\/p>\n\n\n\n<p><strong>Navrhovan\u00e9 usnesen\u00ed valn\u00e9 hromady k bodu 5 po\u0159adu jedn\u00e1n\u00ed valn\u00e9 hromady<\/strong><\/p>\n\n\n\n<p>Valn\u00e1 hromada schvaluje rozd\u011blen\u00ed zisku\/\u00fahrady ztr\u00e1ty ve zn\u011bn\u00ed p\u0159edlo\u017een\u00e9m p\u0159edstavenstvem.<\/p>\n\n\n\n<p>Zd\u016fvodn\u011bn\u00ed:&nbsp;Spln\u011bn\u00ed z\u00e1konn\u00e9 povinnosti<\/p>\n\n\n\n<p><strong>Navrhovan\u00e9 usnesen\u00ed valn\u00e9 hromady k bodu 6 po\u0159adu jedn\u00e1n\u00ed valn\u00e9 hromady<\/strong><\/p>\n\n\n\n<p>Valn\u00e1 hromada schvaluje auditora Ing. Miroslava Ba\u010d\u00edka, \u010d\u00edslo osv\u011bd\u010den\u00ed: 1199, pro ov\u011b\u0159en\u00ed \u00fa\u010detn\u00ed z\u00e1v\u011brky za rok 2014<\/p>\n\n\n\n<p>Zd\u016fvodn\u011bn\u00ed:&nbsp;Spln\u011bn\u00ed z\u00e1konn\u00e9 povinnosti<\/p>\n\n\n\n<p><strong>Navrhovan\u00e9 usnesen\u00ed valn\u00e9 hromady k bodu 7 po\u0159adu jedn\u00e1n\u00ed valn\u00e9 hromady<\/strong><\/p>\n\n\n\n<p>Valn\u00e1 hromada schvaluje, \u017ee se Spole\u010dnost pod\u0159izuje z\u00e1konu \u010d. 90\/2012 Sb., o obchodn\u00edch spole\u010dnostech a dru\u017estvech (z\u00e1kon o obchodn\u00edch korporac\u00edch) jako celku ve smyslu \u00a7 777 odst. 5 z\u00e1kona o obchodn\u00edch korporac\u00edch, a to s \u00fa\u010dinnost\u00ed ke dni zve\u0159ejn\u011bn\u00ed z\u00e1pisu o pod\u0159\u00edzen\u00ed se tomuto z\u00e1konu jako celku v obchodn\u00edm rejst\u0159\u00edku.<\/p>\n\n\n\n<p>Zd\u016fvodn\u011bn\u00ed:&nbsp;Dne 1. 1. 2014 nabyl \u00fa\u010dinnosti z\u00e1kon \u010d. 90\/2012 Sb., o obchodn\u00edch spole\u010dnostech a dru\u017estvech (z\u00e1kon o obchodn\u00edch korporac\u00edch). Ustanoven\u00ed \u00a7 777 odst. 5 z\u00e1kona o obchodn\u00edch korporac\u00edch zakotvuje mo\u017enost pro obchodn\u00ed korporace, \u017ee se mohou nejpozd\u011bji do dvou let ode dne \u00fa\u010dinnosti tohoto z\u00e1kona zm\u011bnou sv\u00fdch spole\u010densk\u00fdch smluv pod\u0159\u00eddit tomuto z\u00e1kon jako celku, a to s \u00fa\u010dinnost\u00ed ke dni zve\u0159ejn\u011bn\u00ed z\u00e1pisu o pod\u0159\u00edzen\u00ed se tomuto z\u00e1konu jako celku v obchodn\u00edm rejst\u0159\u00edku.<\/p>\n\n\n\n<p><strong>Navrhovan\u00e9 usnesen\u00ed valn\u00e9 hromady k bodu 8 po\u0159adu jedn\u00e1n\u00ed valn\u00e9 hromady<\/strong><\/p>\n\n\n\n<p>Valn\u00e1 hromada rozhoduje o tom, \u017ee se m\u011bn\u00ed stanovy Spole\u010dnosti, a to v takov\u00e9m rozsahu, \u017ee jsou nahrazeny nov\u00fdm \u00fapln\u00fdm zn\u011bn\u00edm ve zn\u011bn\u00ed p\u0159edlo\u017een\u00e9mp\u0159edstavenstvem.<\/p>\n\n\n\n<p>Zd\u016fvodn\u011bn\u00ed:&nbsp;toto\u017en\u00e9 jako u bodu 7 po\u0159adu jedn\u00e1n\u00ed valn\u00e9 hromady<\/p>\n\n\n\n<p><strong>Navrhovan\u00e9 usnesen\u00ed valn\u00e9 hromady k bodu 9 po\u0159adu jedn\u00e1n\u00ed valn\u00e9 hromady<\/strong><\/p>\n\n\n\n<p>Valn\u00e1 hromada s \u00fa\u010dinnost\u00ed k dne\u0161n\u00edmu dni odvol\u00e1v\u00e1 pana Milo\u0161e Vostrovsk\u00e9ho, nar. 9. 12. 1955, bydli\u0161t\u011b: Kundratka 1911\/4, Libe\u0148, funkce \u010dlena p\u0159edstavenstva.<\/p>\n\n\n\n<p>Zd\u016fvodn\u011bn\u00ed:&nbsp;Nov\u00e9 \u00fapln\u00e9 zn\u011bn\u00ed stanov stanov\u00ed, \u017ee p\u0159edstavenstvo m\u00e1 pouze 1 (jednoho) \u010dlena.<\/p>\n\n\n\n<p><strong>Navrhovan\u00e9 usnesen\u00ed valn\u00e9 hromady k bodu 10 po\u0159adu jedn\u00e1n\u00ed valn\u00e9 hromady<\/strong><\/p>\n\n\n\n<p>Valn\u00e1 hromada s \u00fa\u010dinnost\u00ed k dne\u0161n\u00edmu dni jmenuje Ing. Miroslava Dvo\u0159\u00e1ka, nar. 8. 1. 1961, Neratovice, 28. \u0159\u00edjna 909, PS\u010c: 277 11, do funkce \u010dlena p\u0159edstavenstva.<\/p>\n\n\n\n<p>Zd\u016fvodn\u011bn\u00ed:&nbsp;Nov\u00e9 \u00fapln\u00e9 zn\u011bn\u00ed stanov stanov\u00ed, \u017ee p\u0159edstavenstvo m\u00e1 pouze 1 (jednoho) \u010dlena.<\/p>\n\n\n\n<p><strong>Navrhovan\u00e9 usnesen\u00ed valn\u00e9 hromady k bodu 11 po\u0159adu jedn\u00e1n\u00ed valn\u00e9 hromady<\/strong><\/p>\n\n\n\n<p>Valn\u00e1 hromada s \u00fa\u010dinnost\u00ed k dne\u0161n\u00edmu dni odvol\u00e1v\u00e1 Lu\u010fka Pirun\u010d\u00edka, nar. 19. 3. 1965, bydli\u0161t\u011b: T. G. Masaryka 526, 277 13 Kostelec nad Labem, z funkce \u010dlena dozor\u010d\u00ed rady.<\/p>\n\n\n\n<p><strong>Navrhovan\u00e9 usnesen\u00ed valn\u00e9 hromady k bodu 12 po\u0159adu jedn\u00e1n\u00ed valn\u00e9 hromady<\/strong><\/p>\n\n\n\n<p>Valn\u00e1 hromada s \u00fa\u010dinnost\u00ed k dne\u0161n\u00edmu dni jmenuje \u010dlena dozor\u010d\u00ed rady Ing. Miloslava Studenovsk\u00e9ho, nar. 20. 8. 1954, bydli\u0161t\u011b: Brand\u00fds nad Labem, Na Pansk\u00e9m 1520.<\/p>\n\n\n\n<p>Zd\u016fvodn\u011bn\u00ed:&nbsp;Nov\u00e9 \u00fapln\u00e9 zn\u011bn\u00ed stanov stanov\u00ed, \u017ee dozor\u010d\u00ed rada m\u00e1 pouze 1 (jednoho) \u010dlena.<\/p>\n\n\n\n<p><strong>Navrhovan\u00e9 usnesen\u00ed valn\u00e9 hromady k bodu 13 po\u0159adu jedn\u00e1n\u00ed valn\u00e9 hromady<\/strong><\/p>\n\n\n\n<p>Valn\u00e1 hromada schvaluje finan\u010dn\u00ed a v\u011bcn\u00e1 pln\u011bn\u00ed poskytovan\u00e1 Spole\u010dnost\u00ed \u010dlen\u016fm org\u00e1n\u016f do 30. 6. 2014<\/p>\n\n\n\n<p>Zd\u016fvodn\u011bn\u00ed:&nbsp;Z d\u016fvodu pr\u00e1vn\u00ed jistoty akcion\u00e1\u0159i schv\u00e1lili pln\u011bn\u00ed poskytnut\u00e1 \u010dlen\u016fm org\u00e1n\u016f do 30. 6. 2014 na z\u00e1klad\u011b dosavadn\u00edch smluv.<\/p>\n","protected":false},"excerpt":{"rendered":"<p>Pozv\u00e1nka na \u0159\u00e1dnou valnou hromadu P\u0159edstavenstvo obchodn\u00ed spole\u010dnosti Diligenti Comitatu SE I\u010c: 293 90 770 se s\u00eddlem v H\u00e1j\u00edch 289\/57, H\u00e1je, 149 00 Praha 4 zapsan\u00e9 v obchodn\u00edm rejst\u0159\u00edku Krajsk\u00e9ho soudu v Ostrav\u011b sp. zn. H 25 svol\u00e1v\u00e1 \u0159\u00e1dnou valnou hromadu na den 24. 6. 2014 od 9 hodin v s\u00eddle not\u00e1\u0159sk\u00e9 kancel\u00e1\u0159i JUDr. Bohumily &hellip;<\/p>\n","protected":false},"author":1,"featured_media":0,"parent":0,"menu_order":0,"comment_status":"closed","ping_status":"closed","template":"","meta":{"footnotes":""},"class_list":["post-10","page","type-page","status-publish","hentry"],"_links":{"self":[{"href":"https:\/\/diligenticomitatu.cz\/index.php\/wp-json\/wp\/v2\/pages\/10","targetHints":{"allow":["GET"]}}],"collection":[{"href":"https:\/\/diligenticomitatu.cz\/index.php\/wp-json\/wp\/v2\/pages"}],"about":[{"href":"https:\/\/diligenticomitatu.cz\/index.php\/wp-json\/wp\/v2\/types\/page"}],"author":[{"embeddable":true,"href":"https:\/\/diligenticomitatu.cz\/index.php\/wp-json\/wp\/v2\/users\/1"}],"replies":[{"embeddable":true,"href":"https:\/\/diligenticomitatu.cz\/index.php\/wp-json\/wp\/v2\/comments?post=10"}],"version-history":[{"count":1,"href":"https:\/\/diligenticomitatu.cz\/index.php\/wp-json\/wp\/v2\/pages\/10\/revisions"}],"predecessor-version":[{"id":11,"href":"https:\/\/diligenticomitatu.cz\/index.php\/wp-json\/wp\/v2\/pages\/10\/revisions\/11"}],"wp:attachment":[{"href":"https:\/\/diligenticomitatu.cz\/index.php\/wp-json\/wp\/v2\/media?parent=10"}],"curies":[{"name":"wp","href":"https:\/\/api.w.org\/{rel}","templated":true}]}}